{"id":1804,"date":"2025-09-03T18:38:22","date_gmt":"2025-09-03T10:38:22","guid":{"rendered":"http:\/\/47.112.17.250\/?page_id=1804"},"modified":"2025-09-12T09:09:49","modified_gmt":"2025-09-12T01:09:49","slug":"a-propos-de","status":"publish","type":"page","link":"https:\/\/www.songxuetranslation.com\/fr\/a-propos-de\/","title":{"rendered":"\u00c0 propos de nous"},"content":{"rendered":"<div data-elementor-type=\"wp-page\" data-elementor-id=\"1804\" class=\"elementor elementor-1804\" data-elementor-post-type=\"page\">\n\t\t\t\t<div class=\"elementor-element elementor-element-480e981e e-flex e-con-boxed e-con e-parent\" data-id=\"480e981e\" data-element_type=\"container\" data-settings=\"{&quot;background_background&quot;:&quot;classic&quot;}\">\n\t\t\t\t\t<div class=\"e-con-inner\">\n\t\t<div class=\"elementor-element elementor-element-46c2465c e-con-full e-flex e-con e-child\" data-id=\"46c2465c\" data-element_type=\"container\">\n\t\t\t\t<div class=\"elementor-element elementor-element-2b08f05a elementor-widget elementor-widget-heading\" data-id=\"2b08f05a\" data-element_type=\"widget\" data-widget_type=\"heading.default\">\n\t\t\t\t\t<h3 class=\"elementor-heading-title elementor-size-default\">\u00c0 propos de nous<\/h3>\t\t\t\t<\/div>\n\t\t\t\t<div class=\"elementor-element elementor-element-d6e1118 elementor-widget elementor-widget-text-editor\" data-id=\"d6e1118\" data-element_type=\"widget\" data-widget_type=\"text-editor.default\">\n\t\t\t\t\t\t\t\t\t<p>Song Xue Translation Studio est une agence de services linguistiques professionnels fond\u00e9e par Song Xue. Song Xue est dipl\u00f4m\u00e9e du d\u00e9partement d'anglais de l'universit\u00e9 de Shandong depuis 2009. Au cours des dix derni\u00e8res ann\u00e9es, elle a fourni des services d'interpr\u00e9tation et de traduction \u00e0 des dizaines de milliers d'entreprises. Elle a re\u00e7u les \u00e9loges unanimes de ses clients. En raison de l'augmentation du nombre de clients, Song Xue a \u00e9t\u00e9 d\u00e9bord\u00e9e et, depuis 2017, elle se concentre sur la gestion de sa propre entreprise de traduction.<\/p><p>Forte de sa riche exp\u00e9rience dans le secteur, elle maintient toujours des normes \u00e9lev\u00e9es lors de la s\u00e9lection des traducteurs, dans le but de fournir aux clients des services de communication stables et fiables pour faciliter les transactions commerciales. Issue d'un milieu technique, Song Xue comprend les processus commerciaux et l'importance de l'intelligence \u00e9motionnelle dans la traduction. Au fil des ans, elle a insist\u00e9 pour travailler avec des traducteurs qui poss\u00e8dent \u00e0 la fois une int\u00e9grit\u00e9 morale et des comp\u00e9tences exceptionnelles. Apr\u00e8s des d\u00e9buts modestes en tant qu'entreprise d'interpr\u00e9tation \u00e0 Shenzhen, elle est devenue une agence de traduction professionnelle multilingue d'envergure mondiale.<\/p><p>Notre \u00e9quipe compte aujourd'hui plus de 1 000 traducteurs partenaires, qui proposent une gamme compl\u00e8te de services linguistiques, notamment la traduction d'expositions, la traduction commerciale, l'interpr\u00e9tation cons\u00e9cutive de conf\u00e9rences et l'interpr\u00e9tation simultan\u00e9e.<\/p><p>En ce qui concerne la traduction de documents, nous disposons d'une \u00e9quipe multilingue efficace et stable dont les qualifications de traduction sont reconnues par les autorit\u00e9s gouvernementales nationales et \u00e9trang\u00e8res, ce qui nous permet de r\u00e9pondre rapidement aux besoins de nos clients en mati\u00e8re de qualification de documents.<\/p><p>Apr\u00e8s 2023, alors que les besoins d'internationalisation de nombreuses entreprises chinoises augmentent, SongXue Translation Studio a \u00e9tabli un r\u00e9seau bien \u00e9tabli de ressources humaines localis\u00e9es \u00e0 l'\u00e9tranger. Il est donc tout \u00e0 fait appropri\u00e9 de nous qualifier d'entreprise de ressources linguistiques et humaines. Songxue Translation Studio a \u00e9tabli des partenariats avec des traducteurs du monde entier et est en mesure de vous fournir l'assistance linguistique multilingue la plus rentable et la plus rapide dans les principaux pays et villes du monde.<\/p><p>Le studio de traduction Song Xue compte parmi ses clients de nombreuses entreprises parmi les 500 plus importantes au monde, ainsi que des entreprises et des institutions gouvernementales, pour lesquelles nos services sont hautement reconnus et appr\u00e9ci\u00e9s par nos clients.<\/p><p>Song Xue moi-m\u00eame insiste toujours sur un service de haute qualit\u00e9, un service de c\u0153ur. Une fois que nous avons coop\u00e9r\u00e9, nous sommes devenus des amis pour la vie. Dans cette mer de gens qui se rencontrent, c'est une sorte de destin, ouvrons ensemble un merveilleux voyage de coop\u00e9ration.<\/p>\t\t\t\t\t\t\t\t<\/div>\n\t\t\t\t<\/div>\n\t\t<div class=\"elementor-element elementor-element-60f6d289 e-con-full e-flex e-con e-child\" data-id=\"60f6d289\" data-element_type=\"container\">\n\t\t\t\t<div class=\"elementor-element elementor-element-2df011b elementor-widget elementor-widget-image\" data-id=\"2df011b\" data-element_type=\"widget\" data-widget_type=\"image.default\">\n\t\t\t\t\t\t\t\t\t\t\t\t\t\t\t<img fetchpriority=\"high\" decoding=\"async\" width=\"869\" height=\"869\" src=\"https:\/\/www.songxuetranslation.com\/wp-content\/uploads\/2025\/09\/assuna.jpg\" class=\"attachment-full size-full wp-image-1681\" alt=\"Song Xue (1969-), \u00e9crivain chinois\" srcset=\"https:\/\/www.songxuetranslation.com\/wp-content\/uploads\/2025\/09\/assuna.jpg 869w, https:\/\/www.songxuetranslation.com\/wp-content\/uploads\/2025\/09\/assuna-300x300.jpg 300w, https:\/\/www.songxuetranslation.com\/wp-content\/uploads\/2025\/09\/assuna-150x150.jpg 150w, https:\/\/www.songxuetranslation.com\/wp-content\/uploads\/2025\/09\/assuna-768x768.jpg 768w\" sizes=\"(max-width: 869px) 100vw, 869px\" \/>\t\t\t\t\t\t\t\t\t\t\t\t\t\t\t<\/div>\n\t\t\t\t<div class=\"elementor-element elementor-element-59bdafe elementor-widget elementor-widget-image\" data-id=\"59bdafe\" data-element_type=\"widget\" data-widget_type=\"image.default\">\n\t\t\t\t\t\t\t\t\t\t\t\t\t\t\t<img decoding=\"async\" width=\"1017\" height=\"572\" src=\"https:\/\/www.songxuetranslation.com\/wp-content\/uploads\/2025\/09\/assuanagency2.png\" class=\"attachment-large size-large wp-image-1784\" alt=\"\" srcset=\"https:\/\/www.songxuetranslation.com\/wp-content\/uploads\/2025\/09\/assuanagency2.png 1017w, https:\/\/www.songxuetranslation.com\/wp-content\/uploads\/2025\/09\/assuanagency2-300x169.png 300w\" sizes=\"(max-width: 1017px) 100vw, 1017px\" \/>\t\t\t\t\t\t\t\t\t\t\t\t\t\t\t<\/div>\n\t\t\t\t<\/div>\n\t\t\t\t\t<\/div>\n\t\t\t\t<\/div>\n\t\t\t\t<\/div>","protected":false},"excerpt":{"rendered":"<p>\u5173\u4e8e\u6211\u4eec \u5b8b\u96ea\u7ffb\u8bd1\u5de5\u4f5c\u5ba4\u662f\u7531\u5b8b\u96ea\u521b\u7acb\u7684\u4e13\u4e1a\u8bed\u8a00\u670d\u52a1\u673a\u6784\u3002\u5b8b\u96ea\u6bd5\u4e1a\u4e8e2009\u5e74\u5c71\u4e1c\u5927\u5b66\u82f1\u6587\u7cfb\u3002\u5341\u5e74\u6765\uff0c\u5979\u4e3a\u4e0a\u4e07\u5bb6 [&hellip;]<\/p>","protected":false},"author":1,"featured_media":0,"parent":0,"menu_order":0,"comment_status":"closed","ping_status":"closed","template":"","meta":{"site-sidebar-layout":"no-sidebar","site-content-layout":"page-builder","ast-site-content-layout":"full-width-container","site-content-style":"unboxed","site-sidebar-style":"unboxed","ast-global-header-display":"","ast-banner-title-visibility":"","ast-main-header-display":"","ast-hfb-above-header-display":"","ast-hfb-below-header-display":"","ast-hfb-mobile-header-display":"","site-post-title":"disabled","ast-breadcrumbs-content":"","ast-featured-img":"disabled","footer-sml-layout":"","theme-transparent-header-meta":"","adv-header-id-meta":"","stick-header-meta":"","header-above-stick-meta":"","header-main-stick-meta":"","header-below-stick-meta":"","astra-migrate-meta-layouts":"set","ast-page-background-enabled":"default","ast-page-background-meta":{"desktop":{"background-color":"","background-image":"","background-repeat":"repeat","background-position":"center center","background-size":"auto","background-attachment":"scroll","background-type":"","background-media":"","overlay-type":"","overlay-color":"","overlay-opacity":"","overlay-gradient":""},"tablet":{"background-color":"","background-image":"","background-repeat":"repeat","background-position":"center center","background-size":"auto","background-attachment":"scroll","background-type":"","background-media":"","overlay-type":"","overlay-color":"","overlay-opacity":"","overlay-gradient":""},"mobile":{"background-color":"","background-image":"","background-repeat":"repeat","background-position":"center center","background-size":"auto","background-attachment":"scroll","background-type":"","background-media":"","overlay-type":"","overlay-color":"","overlay-opacity":"","overlay-gradient":""}},"ast-content-background-meta":{"desktop":{"background-color":"var(--ast-global-color-5)","background-image":"","background-repeat":"repeat","background-position":"center center","background-size":"auto","background-attachment":"scroll","background-type":"","background-media":"","overlay-type":"","overlay-color":"","overlay-opacity":"","overlay-gradient":""},"tablet":{"background-color":"var(--ast-global-color-5)","background-image":"","background-repeat":"repeat","background-position":"center center","background-size":"auto","background-attachment":"scroll","background-type":"","background-media":"","overlay-type":"","overlay-color":"","overlay-opacity":"","overlay-gradient":""},"mobile":{"background-color":"var(--ast-global-color-5)","background-image":"","background-repeat":"repeat","background-position":"center center","background-size":"auto","background-attachment":"scroll","background-type":"","background-media":"","overlay-type":"","overlay-color":"","overlay-opacity":"","overlay-gradient":""}},"footnotes":""},"class_list":["post-1804","page","type-page","status-publish","hentry"],"_links":{"self":[{"href":"https:\/\/www.songxuetranslation.com\/fr\/wp-json\/wp\/v2\/pages\/1804","targetHints":{"allow":["GET"]}}],"collection":[{"href":"https:\/\/www.songxuetranslation.com\/fr\/wp-json\/wp\/v2\/pages"}],"about":[{"href":"https:\/\/www.songxuetranslation.com\/fr\/wp-json\/wp\/v2\/types\/page"}],"author":[{"embeddable":true,"href":"https:\/\/www.songxuetranslation.com\/fr\/wp-json\/wp\/v2\/users\/1"}],"replies":[{"embeddable":true,"href":"https:\/\/www.songxuetranslation.com\/fr\/wp-json\/wp\/v2\/comments?post=1804"}],"version-history":[{"count":16,"href":"https:\/\/www.songxuetranslation.com\/fr\/wp-json\/wp\/v2\/pages\/1804\/revisions"}],"predecessor-version":[{"id":2287,"href":"https:\/\/www.songxuetranslation.com\/fr\/wp-json\/wp\/v2\/pages\/1804\/revisions\/2287"}],"wp:attachment":[{"href":"https:\/\/www.songxuetranslation.com\/fr\/wp-json\/wp\/v2\/media?parent=1804"}],"curies":[{"name":"wp","href":"https:\/\/api.w.org\/{rel}","templated":true}]}}