{"id":1657,"date":"2025-09-01T17:59:19","date_gmt":"2025-09-01T09:59:19","guid":{"rendered":"http:\/\/47.112.17.250\/home\/"},"modified":"2025-09-12T09:16:43","modified_gmt":"2025-09-12T01:16:43","slug":"home","status":"publish","type":"page","link":"https:\/\/www.songxuetranslation.com\/fr","title":{"rendered":"fig. d\u00e9but"},"content":{"rendered":"<div data-elementor-type=\"wp-page\" data-elementor-id=\"1657\" class=\"elementor elementor-1657\" data-elementor-post-type=\"page\">\n\t\t\t\t<div class=\"elementor-element elementor-element-4434dc1 e-flex e-con-boxed e-con e-parent\" data-id=\"4434dc1\" data-element_type=\"container\" data-settings=\"{&quot;background_background&quot;:&quot;classic&quot;}\">\n\t\t\t\t\t<div class=\"e-con-inner\">\n\t\t<div class=\"elementor-element elementor-element-6f0a616 e-con-full e-flex e-con e-child\" data-id=\"6f0a616\" data-element_type=\"container\">\n\t\t\t\t<div class=\"elementor-element elementor-element-e6b4579 elementor-widget-divider--view-line_text elementor-widget-divider--element-align-right elementor-widget elementor-widget-divider\" data-id=\"e6b4579\" data-element_type=\"widget\" data-widget_type=\"divider.default\">\n\t\t\t\t\t\t\t<div class=\"elementor-divider\">\n\t\t\t<span class=\"elementor-divider-separator\">\n\t\t\t\t\t\t\t<span class=\"elementor-divider__text elementor-divider__element\">\n\t\t\t\tBonjour \u00e0 tous.\t\t\t\t<\/span>\n\t\t\t\t\t\t<\/span>\n\t\t<\/div>\n\t\t\t\t\t\t<\/div>\n\t\t\t\t<div class=\"elementor-element elementor-element-8ef9ea0 elementor-widget elementor-widget-heading\" data-id=\"8ef9ea0\" data-element_type=\"widget\" data-widget_type=\"heading.default\">\n\t\t\t\t\t<h1 class=\"elementor-heading-title elementor-size-default\">Je suis Song Xue, le fondateur du studio.<\/h1>\t\t\t\t<\/div>\n\t\t\t\t<div class=\"elementor-element elementor-element-a7fbf79 elementor-widget elementor-widget-heading\" data-id=\"a7fbf79\" data-element_type=\"widget\" data-widget_type=\"heading.default\">\n\t\t\t\t\t<h3 class=\"elementor-heading-title elementor-size-default\">J'aimerais vous parler de ma carri\u00e8re de traductrice.<\/h3>\t\t\t\t<\/div>\n\t\t\t\t<div class=\"elementor-element elementor-element-e7dfdf9 elementor-widget elementor-widget-text-editor\" data-id=\"e7dfdf9\" data-element_type=\"widget\" data-widget_type=\"text-editor.default\">\n\t\t\t\t\t\t\t\t\t<p>Je suis dipl\u00f4m\u00e9 du d\u00e9partement d'anglais de l'universit\u00e9 de Shandong depuis 2009. Je suis venu \u00e0 Shenzhen pour mon premier emploi en tant que vendeur de produits \u00e9trangers, dans une entreprise de commerce ext\u00e9rieur relativement petite. \u00c0 l'\u00e9poque, le patron nous emmenait \u00e0 la Foire de Canton. Cette foire m'a permis d'acqu\u00e9rir de nombreuses comp\u00e9tences en mati\u00e8re de communication. \u00c0 cette \u00e9poque, j'ai \u00e9galement re\u00e7u beaucoup de clients int\u00e9ress\u00e9s, et certains d'entre eux ont pass\u00e9 des commandes au comptant sur place. J'ai constat\u00e9 que mes comp\u00e9tences en mati\u00e8re de communication \u00e9taient encore assez solides et que j'aimais bien traiter avec les \u00e9trangers.<\/p><p>J'ai quitt\u00e9 mon emploi en 2010 et je suis devenue traductrice ind\u00e9pendante, travaillant avec des soci\u00e9t\u00e9s de traduction \u00e0 Shenzhen, et les retours de mes clients \u00e9taient bons. Les retours de mes clients \u00e9tant bons, les soci\u00e9t\u00e9s de traduction ont eu tendance \u00e0 me proposer davantage d'affaires. De 2011 \u00e0 2012, j'ai eu plus de clients que je ne pouvais en g\u00e9rer, avec des clients qui venaient me voir presque tous les jours.\u00a0\u00a0<\/p><p>En 2012, j'ai cr\u00e9\u00e9 mon propre studio de traduction Song Xue, qui est le pr\u00e9d\u00e9cesseur de mon entreprise actuelle. \u00c0 l'\u00e9poque, je connaissais beaucoup de coll\u00e8gues \u00e0 Shenzhen, et nous nous sommes pr\u00e9sent\u00e9s les uns aux autres.<\/p><p>Entre 2012 et 2017, j'ai moi-m\u00eame \u00e9t\u00e9 en premi\u00e8re ligne sur le march\u00e9. J'ai fait beaucoup de conf\u00e9rences \u00e0 grande \u00e9chelle, y compris la premi\u00e8re exposition, les n\u00e9gociations commerciales, et le soutien technique plus difficile. Je me suis \u00e9galement rendu dans de nombreux pays, et j'ai accompagn\u00e9 les entreprises dans presque plus de 20 pays. J'ai \u00e9galement particip\u00e9 \u00e0 des r\u00e9unions de haut niveau, telles que des r\u00e9unions gouvernementales, des r\u00e9unions de d\u00e9l\u00e9gation, des conf\u00e9rences de formation r\u00e9unissant une ou deux centaines de personnes.\u00a0<\/p><p>Apr\u00e8s 2017, je me concentrerai sur les op\u00e9rations. Je ne peux pas \u00eatre en premi\u00e8re ligne tout le temps et je n'ai pas beaucoup d'\u00e9nergie. En outre, il y a plus de clients et beaucoup d'autres besoins linguistiques, j'ai peut-\u00eatre \u00e9t\u00e9 trop occup\u00e9e. C'est le moment de se concentrer sur les op\u00e9rations.<\/p><p>Lorsque je dirige l'entreprise, je fais \u00e9galement correspondre les besoins du client avec le candidat le plus appropri\u00e9. Je peux probablement \u00e9valuer le degr\u00e9 de difficult\u00e9 du projet et le type d'interpr\u00e8te n\u00e9cessaire. Si je dois envoyer une jeune personne ou une personne plus \u00e2g\u00e9e. Quel type de personnalit\u00e9 correspondra au client ?<\/p><p>Huit ann\u00e9es se sont \u00e9galement \u00e9coul\u00e9es depuis 17. Puis, apr\u00e8s 2023, nous avons re\u00e7u beaucoup, beaucoup plus de demandes de la part de clients \u00e9trangers. Ils se trouvent au Moyen-Orient, en Am\u00e9rique du Nord et du Sud, en Asie centrale, en Asie du Sud-Est et en Oc\u00e9anie. Nous pouvons mettre en relation nos clients avec du personnel local dans chaque pays, ce qui leur permet d'\u00e9conomiser beaucoup de frais de d\u00e9placement.<\/p><p>C'est parce que je viens moi-m\u00eame d'un milieu de traducteurs, qui est un milieu technique. Dans le processus de mise en correspondance, j'accorderai plus d'attention au niveau de traduction et \u00e0 l'intelligence \u00e9motionnelle de la communication. Comme nous avons privil\u00e9gi\u00e9 la localisation, le rapport qualit\u00e9\/prix est encore assez \u00e9lev\u00e9. En plus de quelques petites langues : l'espagnol, le fran\u00e7ais, l'allemand, l'italien, le russe, le japonais, le cor\u00e9en et d'autres petites langues, nous avons \u00e9galement accumul\u00e9 un grand nombre de ressources connexes. Par exemple, le persan, le finnois, le su\u00e9dois et d'autres langues rares, nous avons des ressources homologues.<\/p><p>Nous proc\u00e9derons \u00e0 la relecture des documents traduits un par un, y compris moi-m\u00eame. Pour s'assurer que tous les documents traduits sont exacts et sans ambigu\u00eft\u00e9. En particulier ces contrats, qui sont plus importants. Nous les r\u00e9visons donc phrase par phrase. Le texte remis au client r\u00e9pond alors \u00e0 ses besoins, mais il est \u00e9galement cr\u00e9dible. Et logiquement, je veille \u00e0 ce qu'il soit exact. Comme je suis moi-m\u00eame traductrice, je suis plus rigoureuse \u00e0 cet \u00e9gard.<\/p><p>Puis, au fil des ans, gr\u00e2ce \u00e0 la confiance de tous nos clients, nous devrions avoir servi plus de 10 000 clients. Nous avons servi plus de 10 000 clients, petits et grands. Notre r\u00e9putation est \u00e9galement relativement \u00e9lev\u00e9e. Quand il s'agit de la s\u0153ur de neige, tout le monde sait, va donner un pouce vers le haut, parce que nous n'avons jamais \u00e9t\u00e9 la r\u00e9putation d'abord.<\/p><p>Dans les jours \u00e0 venir, je continuerai donc \u00e0 travailler dur, avec tous les professeurs de studio de diff\u00e9rentes langues, les professeurs de diff\u00e9rentes r\u00e9gions, pour aller de l'avant, sans oublier l'intention initiale. Nous nous efforcerons de fournir des services plus satisfaisants et plus rentables \u00e0 nos clients.<\/p>\t\t\t\t\t\t\t\t<\/div>\n\t\t\t\t<\/div>\n\t\t<div class=\"elementor-element elementor-element-4809005 e-con-full e-flex e-con e-child\" data-id=\"4809005\" data-element_type=\"container\">\n\t\t\t\t<div class=\"elementor-element elementor-element-7e62957 elementor-widget elementor-widget-image\" data-id=\"7e62957\" data-element_type=\"widget\" data-widget_type=\"image.default\">\n\t\t\t\t\t\t\t\t\t\t\t\t\t\t\t<img fetchpriority=\"high\" decoding=\"async\" width=\"869\" height=\"869\" src=\"https:\/\/www.songxuetranslation.com\/wp-content\/uploads\/2025\/09\/assuna.jpg\" class=\"attachment-full size-full wp-image-1681\" alt=\"Song Xue (1969-), \u00e9crivain chinois\" srcset=\"https:\/\/www.songxuetranslation.com\/wp-content\/uploads\/2025\/09\/assuna.jpg 869w, https:\/\/www.songxuetranslation.com\/wp-content\/uploads\/2025\/09\/assuna-300x300.jpg 300w, https:\/\/www.songxuetranslation.com\/wp-content\/uploads\/2025\/09\/assuna-150x150.jpg 150w, https:\/\/www.songxuetranslation.com\/wp-content\/uploads\/2025\/09\/assuna-768x768.jpg 768w\" sizes=\"(max-width: 869px) 100vw, 869px\" \/>\t\t\t\t\t\t\t\t\t\t\t\t\t\t\t<\/div>\n\t\t\t\t<div class=\"elementor-element elementor-element-33b27e3 elementor-widget elementor-widget-video\" data-id=\"33b27e3\" data-element_type=\"widget\" data-settings=\"{&quot;video_type&quot;:&quot;hosted&quot;,&quot;controls&quot;:&quot;yes&quot;}\" data-widget_type=\"video.default\">\n\t\t\t\t\t\t\t<div class=\"e-hosted-video elementor-wrapper elementor-open-inline\">\n\t\t\t\t\t<video class=\"elementor-video\" src=\"http:\/\/www.songxuetranslation.com\/wp-content\/uploads\/2025\/09\/AssuanTranslation.mp4\" controls=\"\" preload=\"metadata\" controlslist=\"nodownload\"><\/video>\n\t\t\t\t<\/div>\n\t\t\t\t\t\t<\/div>\n\t\t\t\t<div class=\"elementor-element elementor-element-9a36e93 elementor-widget elementor-widget-video\" data-id=\"9a36e93\" data-element_type=\"widget\" data-settings=\"{&quot;video_type&quot;:&quot;hosted&quot;,&quot;controls&quot;:&quot;yes&quot;}\" data-widget_type=\"video.default\">\n\t\t\t\t\t\t\t<div class=\"e-hosted-video elementor-wrapper elementor-open-inline\">\n\t\t\t\t\t<video class=\"elementor-video\" src=\"http:\/\/www.songxuetranslation.com\/wp-content\/uploads\/2025\/09\/xuejie.mp4\" controls=\"\" preload=\"metadata\" controlslist=\"nodownload\"><\/video>\n\t\t\t\t<\/div>\n\t\t\t\t\t\t<\/div>\n\t\t\t\t<\/div>\n\t\t\t\t\t<\/div>\n\t\t\t\t<\/div>\n\t\t<div class=\"elementor-element elementor-element-14876ed e-flex e-con-boxed e-con e-parent\" data-id=\"14876ed\" data-element_type=\"container\">\n\t\t\t\t\t<div class=\"e-con-inner\">\n\t\t\t\t<div class=\"elementor-element elementor-element-642a6cf elementor-widget__width-initial elementor-widget elementor-widget-heading\" data-id=\"642a6cf\" data-element_type=\"widget\" data-widget_type=\"heading.default\">\n\t\t\t\t\t<h3 class=\"elementor-heading-title elementor-size-default\">Commentaires des clients<\/h3>\t\t\t\t<\/div>\n\t\t\t\t\t<\/div>\n\t\t\t\t<\/div>\n\t\t<div class=\"elementor-element elementor-element-0fc0f6b e-grid e-con-boxed e-con e-parent\" data-id=\"0fc0f6b\" data-element_type=\"container\">\n\t\t\t\t\t<div class=\"e-con-inner\">\n\t\t\t\t<div class=\"elementor-element elementor-element-776f07e elementor-widget elementor-widget-image\" data-id=\"776f07e\" data-element_type=\"widget\" data-widget_type=\"image.default\">\n\t\t\t\t\t\t\t\t\t\t\t\t\t\t\t<img decoding=\"async\" src=\"http:\/\/www.songxuetranslation.com\/wp-content\/uploads\/2025\/09\/01.jpg\" title=\"\" alt=\"\" loading=\"lazy\" \/>\t\t\t\t\t\t\t\t\t\t\t\t\t\t\t<\/div>\n\t\t\t\t<div class=\"elementor-element elementor-element-6ca89b9 elementor-widget elementor-widget-image\" data-id=\"6ca89b9\" data-element_type=\"widget\" data-widget_type=\"image.default\">\n\t\t\t\t\t\t\t\t\t\t\t\t\t\t\t<img decoding=\"async\" width=\"1024\" height=\"1024\" src=\"https:\/\/www.songxuetranslation.com\/wp-content\/uploads\/2025\/09\/021.jpg\" class=\"attachment-large size-large wp-image-2157\" alt=\"\" srcset=\"https:\/\/www.songxuetranslation.com\/wp-content\/uploads\/2025\/09\/021.jpg 1024w, https:\/\/www.songxuetranslation.com\/wp-content\/uploads\/2025\/09\/021-300x300.jpg 300w, https:\/\/www.songxuetranslation.com\/wp-content\/uploads\/2025\/09\/021-12x12.jpg 12w\" sizes=\"(max-width: 1024px) 100vw, 1024px\" \/>\t\t\t\t\t\t\t\t\t\t\t\t\t\t\t<\/div>\n\t\t\t\t<div class=\"elementor-element elementor-element-2b41f3c elementor-widget elementor-widget-image\" data-id=\"2b41f3c\" data-element_type=\"widget\" data-widget_type=\"image.default\">\n\t\t\t\t\t\t\t\t\t\t\t\t\t\t\t<img decoding=\"async\" width=\"1024\" height=\"1024\" src=\"https:\/\/www.songxuetranslation.com\/wp-content\/uploads\/2025\/09\/03-1.jpg\" class=\"attachment-large size-large wp-image-2154\" alt=\"\" srcset=\"https:\/\/www.songxuetranslation.com\/wp-content\/uploads\/2025\/09\/03-1.jpg 1024w, https:\/\/www.songxuetranslation.com\/wp-content\/uploads\/2025\/09\/03-1-300x300.jpg 300w, https:\/\/www.songxuetranslation.com\/wp-content\/uploads\/2025\/09\/03-1-12x12.jpg 12w\" sizes=\"(max-width: 1024px) 100vw, 1024px\" \/>\t\t\t\t\t\t\t\t\t\t\t\t\t\t\t<\/div>\n\t\t\t\t<div class=\"elementor-element elementor-element-b3cc9da elementor-widget elementor-widget-image\" data-id=\"b3cc9da\" data-element_type=\"widget\" data-widget_type=\"image.default\">\n\t\t\t\t\t\t\t\t\t\t\t\t\t\t\t<img loading=\"lazy\" decoding=\"async\" width=\"1024\" height=\"1024\" src=\"https:\/\/www.songxuetranslation.com\/wp-content\/uploads\/2025\/09\/04.jpg\" class=\"attachment-large size-large wp-image-2171\" alt=\"\" srcset=\"https:\/\/www.songxuetranslation.com\/wp-content\/uploads\/2025\/09\/04.jpg 1024w, https:\/\/www.songxuetranslation.com\/wp-content\/uploads\/2025\/09\/04-300x300.jpg 300w, https:\/\/www.songxuetranslation.com\/wp-content\/uploads\/2025\/09\/04-12x12.jpg 12w\" sizes=\"(max-width: 1024px) 100vw, 1024px\" \/>\t\t\t\t\t\t\t\t\t\t\t\t\t\t\t<\/div>\n\t\t\t\t<div class=\"elementor-element elementor-element-d950589 elementor-widget elementor-widget-image\" data-id=\"d950589\" data-element_type=\"widget\" data-widget_type=\"image.default\">\n\t\t\t\t\t\t\t\t\t\t\t\t\t\t\t<img loading=\"lazy\" decoding=\"async\" width=\"1024\" height=\"1024\" src=\"https:\/\/www.songxuetranslation.com\/wp-content\/uploads\/2025\/09\/05.jpg\" class=\"attachment-large size-large wp-image-2173\" alt=\"\" srcset=\"https:\/\/www.songxuetranslation.com\/wp-content\/uploads\/2025\/09\/05.jpg 1024w, https:\/\/www.songxuetranslation.com\/wp-content\/uploads\/2025\/09\/05-300x300.jpg 300w, https:\/\/www.songxuetranslation.com\/wp-content\/uploads\/2025\/09\/05-12x12.jpg 12w\" sizes=\"(max-width: 1024px) 100vw, 1024px\" \/>\t\t\t\t\t\t\t\t\t\t\t\t\t\t\t<\/div>\n\t\t\t\t<div class=\"elementor-element elementor-element-587e463 elementor-widget elementor-widget-image\" data-id=\"587e463\" data-element_type=\"widget\" data-widget_type=\"image.default\">\n\t\t\t\t\t\t\t\t\t\t\t\t\t\t\t<img decoding=\"async\" src=\"https:\/\/www.songxuetranslation.com\/wp-content\/uploads\/elementor\/thumbs\/06-1-rbhwqg1tenkkn9lw4gflofpx7omat3l2trl0hm8ohs.jpg\" title=\"06\" alt=\"06\" loading=\"lazy\" \/>\t\t\t\t\t\t\t\t\t\t\t\t\t\t\t<\/div>\n\t\t\t\t<div class=\"elementor-element elementor-element-888c8d1 elementor-widget elementor-widget-image\" data-id=\"888c8d1\" data-element_type=\"widget\" data-widget_type=\"image.default\">\n\t\t\t\t\t\t\t\t\t\t\t\t\t\t\t<img loading=\"lazy\" decoding=\"async\" width=\"1024\" height=\"1024\" src=\"https:\/\/www.songxuetranslation.com\/wp-content\/uploads\/2025\/09\/07.jpg\" class=\"attachment-large size-large wp-image-2175\" alt=\"\" srcset=\"https:\/\/www.songxuetranslation.com\/wp-content\/uploads\/2025\/09\/07.jpg 1024w, https:\/\/www.songxuetranslation.com\/wp-content\/uploads\/2025\/09\/07-300x300.jpg 300w, https:\/\/www.songxuetranslation.com\/wp-content\/uploads\/2025\/09\/07-12x12.jpg 12w\" sizes=\"(max-width: 1024px) 100vw, 1024px\" \/>\t\t\t\t\t\t\t\t\t\t\t\t\t\t\t<\/div>\n\t\t\t\t<div class=\"elementor-element elementor-element-bf4abcf elementor-widget elementor-widget-image\" data-id=\"bf4abcf\" data-element_type=\"widget\" data-widget_type=\"image.default\">\n\t\t\t\t\t\t\t\t\t\t\t\t\t\t\t<img loading=\"lazy\" decoding=\"async\" width=\"1024\" height=\"1024\" src=\"https:\/\/www.songxuetranslation.com\/wp-content\/uploads\/2025\/09\/08-1.jpg\" class=\"attachment-large size-large wp-image-2176\" alt=\"\" srcset=\"https:\/\/www.songxuetranslation.com\/wp-content\/uploads\/2025\/09\/08-1.jpg 1024w, https:\/\/www.songxuetranslation.com\/wp-content\/uploads\/2025\/09\/08-1-300x300.jpg 300w, https:\/\/www.songxuetranslation.com\/wp-content\/uploads\/2025\/09\/08-1-12x12.jpg 12w\" sizes=\"(max-width: 1024px) 100vw, 1024px\" \/>\t\t\t\t\t\t\t\t\t\t\t\t\t\t\t<\/div>\n\t\t\t\t<div class=\"elementor-element elementor-element-bee0da4 elementor-widget elementor-widget-image\" data-id=\"bee0da4\" data-element_type=\"widget\" data-widget_type=\"image.default\">\n\t\t\t\t\t\t\t\t\t\t\t\t\t\t\t<img loading=\"lazy\" decoding=\"async\" width=\"1024\" height=\"1024\" src=\"https:\/\/www.songxuetranslation.com\/wp-content\/uploads\/2025\/09\/09-2.jpg\" class=\"attachment-large size-large wp-image-2177\" alt=\"\" srcset=\"https:\/\/www.songxuetranslation.com\/wp-content\/uploads\/2025\/09\/09-2.jpg 1024w, https:\/\/www.songxuetranslation.com\/wp-content\/uploads\/2025\/09\/09-2-300x300.jpg 300w, https:\/\/www.songxuetranslation.com\/wp-content\/uploads\/2025\/09\/09-2-12x12.jpg 12w\" sizes=\"(max-width: 1024px) 100vw, 1024px\" \/>\t\t\t\t\t\t\t\t\t\t\t\t\t\t\t<\/div>\n\t\t\t\t\t<\/div>\n\t\t\t\t<\/div>\n\t\t\t\t<\/div>","protected":false},"excerpt":{"rendered":"<p>Bonjour \u00e0 tous, je suis Song Xue, la fondatrice du studio, et j'aimerais vous parler un peu de ma carri\u00e8re de traductrice. Je suis dipl\u00f4m\u00e9e du d\u00e9partement d'anglais de l'universit\u00e9 de Shandong depuis 2009. Je suis venue \u00e0 Shenzhen pour mon premier [...]<\/p>","protected":false},"author":1,"featured_media":0,"parent":0,"menu_order":0,"comment_status":"closed","ping_status":"closed","template":"","meta":{"site-sidebar-layout":"no-sidebar","site-content-layout":"page-builder","ast-site-content-layout":"full-width-container","site-content-style":"unboxed","site-sidebar-style":"unboxed","ast-global-header-display":"","ast-banner-title-visibility":"","ast-main-header-display":"","ast-hfb-above-header-display":"","ast-hfb-below-header-display":"","ast-hfb-mobile-header-display":"","site-post-title":"disabled","ast-breadcrumbs-content":"disabled","ast-featured-img":"disabled","footer-sml-layout":"","theme-transparent-header-meta":"enabled","adv-header-id-meta":"","stick-header-meta":"","header-above-stick-meta":"","header-main-stick-meta":"","header-below-stick-meta":"","astra-migrate-meta-layouts":"set","ast-page-background-enabled":"default","ast-page-background-meta":{"desktop":{"background-color":"","background-image":"","background-repeat":"repeat","background-position":"center center","background-size":"auto","background-attachment":"scroll","background-type":"","background-media":"","overlay-type":"","overlay-color":"","overlay-opacity":"","overlay-gradient":""},"tablet":{"background-color":"","background-image":"","background-repeat":"repeat","background-position":"center center","background-size":"auto","background-attachment":"scroll","background-type":"","background-media":"","overlay-type":"","overlay-color":"","overlay-opacity":"","overlay-gradient":""},"mobile":{"background-color":"","background-image":"","background-repeat":"repeat","background-position":"center center","background-size":"auto","background-attachment":"scroll","background-type":"","background-media":"","overlay-type":"","overlay-color":"","overlay-opacity":"","overlay-gradient":""}},"ast-content-background-meta":{"desktop":{"background-color":"var(--ast-global-color-5)","background-image":"","background-repeat":"repeat","background-position":"center center","background-size":"auto","background-attachment":"scroll","background-type":"","background-media":"","overlay-type":"","overlay-color":"","overlay-opacity":"","overlay-gradient":""},"tablet":{"background-color":"var(--ast-global-color-5)","background-image":"","background-repeat":"repeat","background-position":"center center","background-size":"auto","background-attachment":"scroll","background-type":"","background-media":"","overlay-type":"","overlay-color":"","overlay-opacity":"","overlay-gradient":""},"mobile":{"background-color":"var(--ast-global-color-5)","background-image":"","background-repeat":"repeat","background-position":"center center","background-size":"auto","background-attachment":"scroll","background-type":"","background-media":"","overlay-type":"","overlay-color":"","overlay-opacity":"","overlay-gradient":""}},"footnotes":""},"class_list":["post-1657","page","type-page","status-publish","hentry"],"_links":{"self":[{"href":"https:\/\/www.songxuetranslation.com\/fr\/wp-json\/wp\/v2\/pages\/1657","targetHints":{"allow":["GET"]}}],"collection":[{"href":"https:\/\/www.songxuetranslation.com\/fr\/wp-json\/wp\/v2\/pages"}],"about":[{"href":"https:\/\/www.songxuetranslation.com\/fr\/wp-json\/wp\/v2\/types\/page"}],"author":[{"embeddable":true,"href":"https:\/\/www.songxuetranslation.com\/fr\/wp-json\/wp\/v2\/users\/1"}],"replies":[{"embeddable":true,"href":"https:\/\/www.songxuetranslation.com\/fr\/wp-json\/wp\/v2\/comments?post=1657"}],"version-history":[{"count":28,"href":"https:\/\/www.songxuetranslation.com\/fr\/wp-json\/wp\/v2\/pages\/1657\/revisions"}],"predecessor-version":[{"id":2281,"href":"https:\/\/www.songxuetranslation.com\/fr\/wp-json\/wp\/v2\/pages\/1657\/revisions\/2281"}],"wp:attachment":[{"href":"https:\/\/www.songxuetranslation.com\/fr\/wp-json\/wp\/v2\/media?parent=1657"}],"curies":[{"name":"wp","href":"https:\/\/api.w.org\/{rel}","templated":true}]}}