{"id":1804,"date":"2025-09-03T18:38:22","date_gmt":"2025-09-03T10:38:22","guid":{"rendered":"http:\/\/47.112.17.250\/?page_id=1804"},"modified":"2025-09-12T09:09:49","modified_gmt":"2025-09-12T01:09:49","slug":"acerca-de","status":"publish","type":"page","link":"https:\/\/www.songxuetranslation.com\/es\/acerca-de\/","title":{"rendered":"Qui\u00e9nes somos"},"content":{"rendered":"<div data-elementor-type=\"wp-page\" data-elementor-id=\"1804\" class=\"elementor elementor-1804\" data-elementor-post-type=\"page\">\n\t\t\t\t<div class=\"elementor-element elementor-element-480e981e e-flex e-con-boxed e-con e-parent\" data-id=\"480e981e\" data-element_type=\"container\" data-settings=\"{&quot;background_background&quot;:&quot;classic&quot;}\">\n\t\t\t\t\t<div class=\"e-con-inner\">\n\t\t<div class=\"elementor-element elementor-element-46c2465c e-con-full e-flex e-con e-child\" data-id=\"46c2465c\" data-element_type=\"container\">\n\t\t\t\t<div class=\"elementor-element elementor-element-2b08f05a elementor-widget elementor-widget-heading\" data-id=\"2b08f05a\" data-element_type=\"widget\" data-widget_type=\"heading.default\">\n\t\t\t\t\t<h3 class=\"elementor-heading-title elementor-size-default\">Qui\u00e9nes somos<\/h3>\t\t\t\t<\/div>\n\t\t\t\t<div class=\"elementor-element elementor-element-d6e1118 elementor-widget elementor-widget-text-editor\" data-id=\"d6e1118\" data-element_type=\"widget\" data-widget_type=\"text-editor.default\">\n\t\t\t\t\t\t\t\t\t<p>Song Xue Translation Studio es una agencia profesional de servicios ling\u00fc\u00edsticos fundada por Song Xue. Song Xue se licenci\u00f3 en el Departamento de Ingl\u00e9s de la Universidad de Shandong en 2009. En los \u00faltimos diez a\u00f1os, ha prestado servicios de interpretaci\u00f3n y traducci\u00f3n a decenas de miles de empresas. Y ha recibido elogios un\u00e1nimes de sus clientes. Debido al aumento del n\u00famero de clientes, Song Xue se vio desbordada, por lo que desde 2017 se ha centrado en dirigir su propio negocio de traducci\u00f3n.<\/p><p>Gracias a su dilatada experiencia en el sector, siempre mantiene un alto nivel de exigencia a la hora de seleccionar a los traductores, con el objetivo de ofrecer a los clientes unos servicios de comunicaci\u00f3n estables y fiables que faciliten las transacciones comerciales. Song Xue, que procede de un entorno de conocimientos t\u00e9cnicos, entiende los procesos comerciales y la importancia de la inteligencia emocional en la traducci\u00f3n, y a lo largo de los a\u00f1os ha insistido en trabajar con traductores que tengan tanto integridad moral como aptitudes excepcionales. Desde sus humildes comienzos como empresa de interpretaci\u00f3n en Shenzhen, ha crecido hasta convertirse en una agencia global de traducci\u00f3n profesional multiling\u00fce.<\/p><p>Nuestro equipo cuenta en la actualidad con m\u00e1s de 1.000 traductores asociados, que prestan una amplia gama de servicios ling\u00fc\u00edsticos, como traducci\u00f3n de exposiciones, traducci\u00f3n comercial, interpretaci\u00f3n consecutiva de conferencias e interpretaci\u00f3n simult\u00e1nea.<\/p><p>En cuanto a la traducci\u00f3n de documentos, disponemos de un equipo multiling\u00fce eficiente y estable con cualificaciones de traducci\u00f3n reconocidas por las autoridades gubernamentales nacionales y extranjeras, que puede satisfacer r\u00e1pidamente las necesidades de cualificaci\u00f3n de documentos de nuestros clientes.<\/p><p>Despu\u00e9s de 2023, a medida que aumentan las necesidades de internacionalizaci\u00f3n de muchas empresas chinas, SongXue Translation Studio ha establecido a su vez una s\u00f3lida red de recursos humanos localizados en el extranjero. Por lo tanto, es apropiado llamarnos una empresa de idiomas y recursos humanos. Songxue Translation Studio se ha asociado con traductores de todo el mundo, y es capaz de proporcionarle el apoyo ling\u00fc\u00edstico multiling\u00fce m\u00e1s rentable y r\u00e1pido en los principales pa\u00edses y ciudades de todo el mundo.<\/p><p>Entre los clientes de cooperaci\u00f3n de Song Xue Translation Studio se encuentran muchas de las 500 empresas m\u00e1s importantes del mundo y empresas e instituciones gubernamentales, y nuestros servicios han sido muy reconocidos y elogiados por nuestros clientes en estas cooperaciones.<\/p><p>Song Xue m\u00ed mismo siempre insisten en el servicio de alta calidad, servicio con el coraz\u00f3n. Una vez que la cooperaci\u00f3n, amigos de toda la vida. En este mar de personas se encuentran es una especie de destino, vamos juntos a abrir un maravilloso viaje de la cooperaci\u00f3n.<\/p>\t\t\t\t\t\t\t\t<\/div>\n\t\t\t\t<\/div>\n\t\t<div class=\"elementor-element elementor-element-60f6d289 e-con-full e-flex e-con e-child\" data-id=\"60f6d289\" data-element_type=\"container\">\n\t\t\t\t<div class=\"elementor-element elementor-element-2df011b elementor-widget elementor-widget-image\" data-id=\"2df011b\" data-element_type=\"widget\" data-widget_type=\"image.default\">\n\t\t\t\t\t\t\t\t\t\t\t\t\t\t\t<img fetchpriority=\"high\" decoding=\"async\" width=\"869\" height=\"869\" src=\"https:\/\/www.songxuetranslation.com\/wp-content\/uploads\/2025\/09\/assuna.jpg\" class=\"attachment-full size-full wp-image-1681\" alt=\"Song Xue (1969-), escritora china\" srcset=\"https:\/\/www.songxuetranslation.com\/wp-content\/uploads\/2025\/09\/assuna.jpg 869w, https:\/\/www.songxuetranslation.com\/wp-content\/uploads\/2025\/09\/assuna-300x300.jpg 300w, https:\/\/www.songxuetranslation.com\/wp-content\/uploads\/2025\/09\/assuna-150x150.jpg 150w, https:\/\/www.songxuetranslation.com\/wp-content\/uploads\/2025\/09\/assuna-768x768.jpg 768w\" sizes=\"(max-width: 869px) 100vw, 869px\" \/>\t\t\t\t\t\t\t\t\t\t\t\t\t\t\t<\/div>\n\t\t\t\t<div class=\"elementor-element elementor-element-59bdafe elementor-widget elementor-widget-image\" data-id=\"59bdafe\" data-element_type=\"widget\" data-widget_type=\"image.default\">\n\t\t\t\t\t\t\t\t\t\t\t\t\t\t\t<img decoding=\"async\" width=\"1017\" height=\"572\" src=\"https:\/\/www.songxuetranslation.com\/wp-content\/uploads\/2025\/09\/assuanagency2.png\" class=\"attachment-large size-large wp-image-1784\" alt=\"\" srcset=\"https:\/\/www.songxuetranslation.com\/wp-content\/uploads\/2025\/09\/assuanagency2.png 1017w, https:\/\/www.songxuetranslation.com\/wp-content\/uploads\/2025\/09\/assuanagency2-300x169.png 300w\" sizes=\"(max-width: 1017px) 100vw, 1017px\" \/>\t\t\t\t\t\t\t\t\t\t\t\t\t\t\t<\/div>\n\t\t\t\t<\/div>\n\t\t\t\t\t<\/div>\n\t\t\t\t<\/div>\n\t\t\t\t<\/div>","protected":false},"excerpt":{"rendered":"<p>\u5173\u4e8e\u6211\u4eec \u5b8b\u96ea\u7ffb\u8bd1\u5de5\u4f5c\u5ba4\u662f\u7531\u5b8b\u96ea\u521b\u7acb\u7684\u4e13\u4e1a\u8bed\u8a00\u670d\u52a1\u673a\u6784\u3002\u5b8b\u96ea\u6bd5\u4e1a\u4e8e2009\u5e74\u5c71\u4e1c\u5927\u5b66\u82f1\u6587\u7cfb\u3002\u5341\u5e74\u6765\uff0c\u5979\u4e3a\u4e0a\u4e07\u5bb6 [&hellip;]<\/p>","protected":false},"author":1,"featured_media":0,"parent":0,"menu_order":0,"comment_status":"closed","ping_status":"closed","template":"","meta":{"site-sidebar-layout":"no-sidebar","site-content-layout":"page-builder","ast-site-content-layout":"full-width-container","site-content-style":"unboxed","site-sidebar-style":"unboxed","ast-global-header-display":"","ast-banner-title-visibility":"","ast-main-header-display":"","ast-hfb-above-header-display":"","ast-hfb-below-header-display":"","ast-hfb-mobile-header-display":"","site-post-title":"disabled","ast-breadcrumbs-content":"","ast-featured-img":"disabled","footer-sml-layout":"","theme-transparent-header-meta":"","adv-header-id-meta":"","stick-header-meta":"","header-above-stick-meta":"","header-main-stick-meta":"","header-below-stick-meta":"","astra-migrate-meta-layouts":"set","ast-page-background-enabled":"default","ast-page-background-meta":{"desktop":{"background-color":"","background-image":"","background-repeat":"repeat","background-position":"center center","background-size":"auto","background-attachment":"scroll","background-type":"","background-media":"","overlay-type":"","overlay-color":"","overlay-opacity":"","overlay-gradient":""},"tablet":{"background-color":"","background-image":"","background-repeat":"repeat","background-position":"center center","background-size":"auto","background-attachment":"scroll","background-type":"","background-media":"","overlay-type":"","overlay-color":"","overlay-opacity":"","overlay-gradient":""},"mobile":{"background-color":"","background-image":"","background-repeat":"repeat","background-position":"center center","background-size":"auto","background-attachment":"scroll","background-type":"","background-media":"","overlay-type":"","overlay-color":"","overlay-opacity":"","overlay-gradient":""}},"ast-content-background-meta":{"desktop":{"background-color":"var(--ast-global-color-5)","background-image":"","background-repeat":"repeat","background-position":"center center","background-size":"auto","background-attachment":"scroll","background-type":"","background-media":"","overlay-type":"","overlay-color":"","overlay-opacity":"","overlay-gradient":""},"tablet":{"background-color":"var(--ast-global-color-5)","background-image":"","background-repeat":"repeat","background-position":"center center","background-size":"auto","background-attachment":"scroll","background-type":"","background-media":"","overlay-type":"","overlay-color":"","overlay-opacity":"","overlay-gradient":""},"mobile":{"background-color":"var(--ast-global-color-5)","background-image":"","background-repeat":"repeat","background-position":"center center","background-size":"auto","background-attachment":"scroll","background-type":"","background-media":"","overlay-type":"","overlay-color":"","overlay-opacity":"","overlay-gradient":""}},"footnotes":""},"class_list":["post-1804","page","type-page","status-publish","hentry"],"_links":{"self":[{"href":"https:\/\/www.songxuetranslation.com\/es\/wp-json\/wp\/v2\/pages\/1804","targetHints":{"allow":["GET"]}}],"collection":[{"href":"https:\/\/www.songxuetranslation.com\/es\/wp-json\/wp\/v2\/pages"}],"about":[{"href":"https:\/\/www.songxuetranslation.com\/es\/wp-json\/wp\/v2\/types\/page"}],"author":[{"embeddable":true,"href":"https:\/\/www.songxuetranslation.com\/es\/wp-json\/wp\/v2\/users\/1"}],"replies":[{"embeddable":true,"href":"https:\/\/www.songxuetranslation.com\/es\/wp-json\/wp\/v2\/comments?post=1804"}],"version-history":[{"count":16,"href":"https:\/\/www.songxuetranslation.com\/es\/wp-json\/wp\/v2\/pages\/1804\/revisions"}],"predecessor-version":[{"id":2287,"href":"https:\/\/www.songxuetranslation.com\/es\/wp-json\/wp\/v2\/pages\/1804\/revisions\/2287"}],"wp:attachment":[{"href":"https:\/\/www.songxuetranslation.com\/es\/wp-json\/wp\/v2\/media?parent=1804"}],"curies":[{"name":"wp","href":"https:\/\/api.w.org\/{rel}","templated":true}]}}