{"id":1657,"date":"2025-09-01T17:59:19","date_gmt":"2025-09-01T09:59:19","guid":{"rendered":"http:\/\/47.112.17.250\/home\/"},"modified":"2025-09-12T09:16:43","modified_gmt":"2025-09-12T01:16:43","slug":"home","status":"publish","type":"page","link":"https:\/\/www.songxuetranslation.com\/es","title":{"rendered":"fig. principio"},"content":{"rendered":"<div data-elementor-type=\"wp-page\" data-elementor-id=\"1657\" class=\"elementor elementor-1657\" data-elementor-post-type=\"page\">\n\t\t\t\t<div class=\"elementor-element elementor-element-4434dc1 e-flex e-con-boxed e-con e-parent\" data-id=\"4434dc1\" data-element_type=\"container\" data-settings=\"{&quot;background_background&quot;:&quot;classic&quot;}\">\n\t\t\t\t\t<div class=\"e-con-inner\">\n\t\t<div class=\"elementor-element elementor-element-6f0a616 e-con-full e-flex e-con e-child\" data-id=\"6f0a616\" data-element_type=\"container\">\n\t\t\t\t<div class=\"elementor-element elementor-element-e6b4579 elementor-widget-divider--view-line_text elementor-widget-divider--element-align-right elementor-widget elementor-widget-divider\" data-id=\"e6b4579\" data-element_type=\"widget\" data-widget_type=\"divider.default\">\n\t\t\t\t\t\t\t<div class=\"elementor-divider\">\n\t\t\t<span class=\"elementor-divider-separator\">\n\t\t\t\t\t\t\t<span class=\"elementor-divider__text elementor-divider__element\">\n\t\t\t\tHola a todos.\t\t\t\t<\/span>\n\t\t\t\t\t\t<\/span>\n\t\t<\/div>\n\t\t\t\t\t\t<\/div>\n\t\t\t\t<div class=\"elementor-element elementor-element-8ef9ea0 elementor-widget elementor-widget-heading\" data-id=\"8ef9ea0\" data-element_type=\"widget\" data-widget_type=\"heading.default\">\n\t\t\t\t\t<h1 class=\"elementor-heading-title elementor-size-default\">Soy Song Xue, la fundadora del estudio<\/h1>\t\t\t\t<\/div>\n\t\t\t\t<div class=\"elementor-element elementor-element-a7fbf79 elementor-widget elementor-widget-heading\" data-id=\"a7fbf79\" data-element_type=\"widget\" data-widget_type=\"heading.default\">\n\t\t\t\t\t<h3 class=\"elementor-heading-title elementor-size-default\">Me gustar\u00eda hablarle de mi carrera como traductora.<\/h3>\t\t\t\t<\/div>\n\t\t\t\t<div class=\"elementor-element elementor-element-e7dfdf9 elementor-widget elementor-widget-text-editor\" data-id=\"e7dfdf9\" data-element_type=\"widget\" data-widget_type=\"text-editor.default\">\n\t\t\t\t\t\t\t\t\t<p>Me licenci\u00e9 en el Departamento de Ingl\u00e9s de la Universidad de Shandong en 2009. Llegu\u00e9 a Shenzhen para mi primer trabajo como vendedor de comercio exterior, una empresa de comercio exterior relativamente peque\u00f1a. En aquella \u00e9poca, el jefe nos llevaba a la Feria de Cant\u00f3n. Aprend\u00ed muchas t\u00e9cnicas de comunicaci\u00f3n en la Feria de Cant\u00f3n. En aquella \u00e9poca, tambi\u00e9n recib\u00ed a muchos clientes interesados, y hay algunos que hicieron pedidos en efectivo en el acto. Me di cuenta de que mi capacidad de comunicaci\u00f3n sigue siendo muy buena y de que me gusta tratar con extranjeros.<\/p><p>Dej\u00e9 mi trabajo en 2010 y me hice traductora aut\u00f3noma, trabajando con empresas de traducci\u00f3n en Shenzhen, y la respuesta de mis clientes fue buena. La respuesta de mis clientes fue buena, as\u00ed que las empresas de traducci\u00f3n tendieron a presentarme m\u00e1s negocios, y tuve m\u00e1s clientes de los que pod\u00eda atender entre 2011 y 2012, con clientes que acud\u00edan a m\u00ed casi todos los d\u00edas.\u00a0\u00a0<\/p><p>En 2012, cre\u00e9 mi propio estudio de traducci\u00f3n Song Xue, predecesor de mi empresa actual. Por aquel entonces, conoc\u00eda a muchos colegas de Shenzhen y nos presentamos negocios.<\/p><p>Durante el per\u00edodo comprendido entre 2012 y 2017, yo mismo he estado en primera l\u00ednea del mercado. He hecho un mont\u00f3n de conferencias a gran escala, incluyendo la primera exposici\u00f3n, las negociaciones comerciales, y el apoyo t\u00e9cnico m\u00e1s dif\u00edcil. Tambi\u00e9n he estado en muchos pa\u00edses, casi m\u00e1s de 20 pa\u00edses acompa\u00f1amiento de negocios. Tambi\u00e9n he hecho algunas reuniones de alto nivel, tales como gubernamentales, tipo de delegaci\u00f3n, uno o doscientos personas de este tipo de conferencia de formaci\u00f3n.\u00a0<\/p><p>Despu\u00e9s de 2017, me centrar\u00e9 sobre todo en las operaciones. No puedo estar en primera l\u00ednea todo el tiempo, y no tengo tanta energ\u00eda. Adem\u00e1s, hay m\u00e1s clientes, y hay muchas otras necesidades ling\u00fc\u00edsticas, puede que haya estado demasiado ocupado. Este es el momento de centrarse en la parte operativa.<\/p><p>Cuando dirijo el negocio, tambi\u00e9n pongo en relaci\u00f3n las necesidades del cliente con el candidato m\u00e1s adecuado. Probablemente puedo calibrar el grado de dificultad del proyecto y el tipo de int\u00e9rprete que se necesitar\u00e1. Si necesito enviar a una persona joven o mayor. \u00bfCon qu\u00e9 tipo de personalidad encajar\u00e9 con el cliente?<\/p><p>Tambi\u00e9n han pasado ocho a\u00f1os desde el 17. Despu\u00e9s de 2023, hemos recibido much\u00edsimas m\u00e1s solicitudes de clientes extranjeros. Est\u00e1n en Oriente Medio, Norteam\u00e9rica y Sudam\u00e9rica, Asia Central, Sudeste Asi\u00e1tico y Ocean\u00eda. Podemos poner a nuestros clientes en contacto con personal local en cada lugar, lo que puede ahorrarles muchos gastos de viaje.<\/p><p>Eso se debe a que yo misma procedo de la traducci\u00f3n, que es una formaci\u00f3n t\u00e9cnica. En el proceso de adecuaci\u00f3n, prestar\u00e9 m\u00e1s atenci\u00f3n al nivel de traducci\u00f3n y a la inteligencia emocional de la comunicaci\u00f3n. Desde que hicimos esta localizaci\u00f3n preferente, la relaci\u00f3n calidad-precio sigue siendo bastante alta. Adem\u00e1s de algunos idiomas peque\u00f1os: espa\u00f1ol, franc\u00e9s, alem\u00e1n, italiano, ruso, japon\u00e9s, coreano y otros idiomas peque\u00f1os, tambi\u00e9n hemos acumulado muchos recursos de pares relacionados. Por ejemplo, persa, finland\u00e9s, sueco y otros idiomas poco comunes, tenemos recursos de pares.<\/p><p>Haremos la revisi\u00f3n de los documentos traducidos uno por uno, incluy\u00e9ndome a m\u00ed. Para asegurarnos de que todo el resultado sea preciso y est\u00e9 libre de ambig\u00fcedades. Especialmente estos contratos, que son m\u00e1s importantes. As\u00ed que lo revisaremos frase por frase. Entonces el texto que se entrega al cliente satisface sus necesidades, pero tambi\u00e9n logra la credibilidad. Y l\u00f3gicamente, me aseguro de que sea preciso. Porque yo mismo soy traductor, as\u00ed que en este sentido, ser\u00e9 m\u00e1s riguroso en la revisi\u00f3n.<\/p><p>Luego, a lo largo de los a\u00f1os, gracias a la confianza de todos nuestros clientes, casi deber\u00edamos haber atendido a m\u00e1s de 10.000 clientes. Hemos atendido a m\u00e1s de 10.000 clientes, tanto grandes como peque\u00f1os. Nuestra reputaci\u00f3n tambi\u00e9n es relativamente alta. Cuando se trata de la hermana de la nieve, todo el mundo sabe, dar\u00e1 un pulgar hacia arriba, porque nunca hemos sido la reputaci\u00f3n en primer lugar.<\/p><p>As\u00ed que en los pr\u00f3ximos d\u00edas, tambi\u00e9n seguir\u00e9 trabajando duro, con todos los profesores de estudio de varios idiomas, profesores de varias regiones, para avanzar, sin olvidar la intenci\u00f3n original. Nos esforzaremos por ofrecer servicios m\u00e1s satisfactorios y rentables a nuestros clientes.<\/p>\t\t\t\t\t\t\t\t<\/div>\n\t\t\t\t<\/div>\n\t\t<div class=\"elementor-element elementor-element-4809005 e-con-full e-flex e-con e-child\" data-id=\"4809005\" data-element_type=\"container\">\n\t\t\t\t<div class=\"elementor-element elementor-element-7e62957 elementor-widget elementor-widget-image\" data-id=\"7e62957\" data-element_type=\"widget\" data-widget_type=\"image.default\">\n\t\t\t\t\t\t\t\t\t\t\t\t\t\t\t<img fetchpriority=\"high\" decoding=\"async\" width=\"869\" height=\"869\" src=\"https:\/\/www.songxuetranslation.com\/wp-content\/uploads\/2025\/09\/assuna.jpg\" class=\"attachment-full size-full wp-image-1681\" alt=\"Song Xue (1969-), escritora china\" srcset=\"https:\/\/www.songxuetranslation.com\/wp-content\/uploads\/2025\/09\/assuna.jpg 869w, https:\/\/www.songxuetranslation.com\/wp-content\/uploads\/2025\/09\/assuna-300x300.jpg 300w, https:\/\/www.songxuetranslation.com\/wp-content\/uploads\/2025\/09\/assuna-150x150.jpg 150w, https:\/\/www.songxuetranslation.com\/wp-content\/uploads\/2025\/09\/assuna-768x768.jpg 768w\" sizes=\"(max-width: 869px) 100vw, 869px\" \/>\t\t\t\t\t\t\t\t\t\t\t\t\t\t\t<\/div>\n\t\t\t\t<div class=\"elementor-element elementor-element-33b27e3 elementor-widget elementor-widget-video\" data-id=\"33b27e3\" data-element_type=\"widget\" data-settings=\"{&quot;video_type&quot;:&quot;hosted&quot;,&quot;controls&quot;:&quot;yes&quot;}\" data-widget_type=\"video.default\">\n\t\t\t\t\t\t\t<div class=\"e-hosted-video elementor-wrapper elementor-open-inline\">\n\t\t\t\t\t<video class=\"elementor-video\" src=\"http:\/\/www.songxuetranslation.com\/wp-content\/uploads\/2025\/09\/AssuanTranslation.mp4\" controls=\"\" preload=\"metadata\" controlslist=\"nodownload\"><\/video>\n\t\t\t\t<\/div>\n\t\t\t\t\t\t<\/div>\n\t\t\t\t<div class=\"elementor-element elementor-element-9a36e93 elementor-widget elementor-widget-video\" data-id=\"9a36e93\" data-element_type=\"widget\" data-settings=\"{&quot;video_type&quot;:&quot;hosted&quot;,&quot;controls&quot;:&quot;yes&quot;}\" data-widget_type=\"video.default\">\n\t\t\t\t\t\t\t<div class=\"e-hosted-video elementor-wrapper elementor-open-inline\">\n\t\t\t\t\t<video class=\"elementor-video\" src=\"http:\/\/www.songxuetranslation.com\/wp-content\/uploads\/2025\/09\/xuejie.mp4\" controls=\"\" preload=\"metadata\" controlslist=\"nodownload\"><\/video>\n\t\t\t\t<\/div>\n\t\t\t\t\t\t<\/div>\n\t\t\t\t<\/div>\n\t\t\t\t\t<\/div>\n\t\t\t\t<\/div>\n\t\t<div class=\"elementor-element elementor-element-14876ed e-flex e-con-boxed e-con e-parent\" data-id=\"14876ed\" data-element_type=\"container\">\n\t\t\t\t\t<div class=\"e-con-inner\">\n\t\t\t\t<div class=\"elementor-element elementor-element-642a6cf elementor-widget__width-initial elementor-widget elementor-widget-heading\" data-id=\"642a6cf\" data-element_type=\"widget\" data-widget_type=\"heading.default\">\n\t\t\t\t\t<h3 class=\"elementor-heading-title elementor-size-default\">Comentarios de los clientes<\/h3>\t\t\t\t<\/div>\n\t\t\t\t\t<\/div>\n\t\t\t\t<\/div>\n\t\t<div class=\"elementor-element elementor-element-0fc0f6b e-grid e-con-boxed e-con e-parent\" data-id=\"0fc0f6b\" data-element_type=\"container\">\n\t\t\t\t\t<div class=\"e-con-inner\">\n\t\t\t\t<div class=\"elementor-element elementor-element-776f07e elementor-widget elementor-widget-image\" data-id=\"776f07e\" data-element_type=\"widget\" data-widget_type=\"image.default\">\n\t\t\t\t\t\t\t\t\t\t\t\t\t\t\t<img decoding=\"async\" src=\"http:\/\/www.songxuetranslation.com\/wp-content\/uploads\/2025\/09\/01.jpg\" title=\"\" alt=\"\" loading=\"lazy\" \/>\t\t\t\t\t\t\t\t\t\t\t\t\t\t\t<\/div>\n\t\t\t\t<div class=\"elementor-element elementor-element-6ca89b9 elementor-widget elementor-widget-image\" data-id=\"6ca89b9\" data-element_type=\"widget\" data-widget_type=\"image.default\">\n\t\t\t\t\t\t\t\t\t\t\t\t\t\t\t<img decoding=\"async\" width=\"1024\" height=\"1024\" src=\"https:\/\/www.songxuetranslation.com\/wp-content\/uploads\/2025\/09\/021.jpg\" class=\"attachment-large size-large wp-image-2157\" alt=\"\" srcset=\"https:\/\/www.songxuetranslation.com\/wp-content\/uploads\/2025\/09\/021.jpg 1024w, https:\/\/www.songxuetranslation.com\/wp-content\/uploads\/2025\/09\/021-300x300.jpg 300w, https:\/\/www.songxuetranslation.com\/wp-content\/uploads\/2025\/09\/021-12x12.jpg 12w\" sizes=\"(max-width: 1024px) 100vw, 1024px\" \/>\t\t\t\t\t\t\t\t\t\t\t\t\t\t\t<\/div>\n\t\t\t\t<div class=\"elementor-element elementor-element-2b41f3c elementor-widget elementor-widget-image\" data-id=\"2b41f3c\" data-element_type=\"widget\" data-widget_type=\"image.default\">\n\t\t\t\t\t\t\t\t\t\t\t\t\t\t\t<img decoding=\"async\" width=\"1024\" height=\"1024\" src=\"https:\/\/www.songxuetranslation.com\/wp-content\/uploads\/2025\/09\/03-1.jpg\" class=\"attachment-large size-large wp-image-2154\" alt=\"\" srcset=\"https:\/\/www.songxuetranslation.com\/wp-content\/uploads\/2025\/09\/03-1.jpg 1024w, https:\/\/www.songxuetranslation.com\/wp-content\/uploads\/2025\/09\/03-1-300x300.jpg 300w, https:\/\/www.songxuetranslation.com\/wp-content\/uploads\/2025\/09\/03-1-12x12.jpg 12w\" sizes=\"(max-width: 1024px) 100vw, 1024px\" \/>\t\t\t\t\t\t\t\t\t\t\t\t\t\t\t<\/div>\n\t\t\t\t<div class=\"elementor-element elementor-element-b3cc9da elementor-widget elementor-widget-image\" data-id=\"b3cc9da\" data-element_type=\"widget\" data-widget_type=\"image.default\">\n\t\t\t\t\t\t\t\t\t\t\t\t\t\t\t<img loading=\"lazy\" decoding=\"async\" width=\"1024\" height=\"1024\" src=\"https:\/\/www.songxuetranslation.com\/wp-content\/uploads\/2025\/09\/04.jpg\" class=\"attachment-large size-large wp-image-2171\" alt=\"\" srcset=\"https:\/\/www.songxuetranslation.com\/wp-content\/uploads\/2025\/09\/04.jpg 1024w, https:\/\/www.songxuetranslation.com\/wp-content\/uploads\/2025\/09\/04-300x300.jpg 300w, https:\/\/www.songxuetranslation.com\/wp-content\/uploads\/2025\/09\/04-12x12.jpg 12w\" sizes=\"(max-width: 1024px) 100vw, 1024px\" \/>\t\t\t\t\t\t\t\t\t\t\t\t\t\t\t<\/div>\n\t\t\t\t<div class=\"elementor-element elementor-element-d950589 elementor-widget elementor-widget-image\" data-id=\"d950589\" data-element_type=\"widget\" data-widget_type=\"image.default\">\n\t\t\t\t\t\t\t\t\t\t\t\t\t\t\t<img loading=\"lazy\" decoding=\"async\" width=\"1024\" height=\"1024\" src=\"https:\/\/www.songxuetranslation.com\/wp-content\/uploads\/2025\/09\/05.jpg\" class=\"attachment-large size-large wp-image-2173\" alt=\"\" srcset=\"https:\/\/www.songxuetranslation.com\/wp-content\/uploads\/2025\/09\/05.jpg 1024w, https:\/\/www.songxuetranslation.com\/wp-content\/uploads\/2025\/09\/05-300x300.jpg 300w, https:\/\/www.songxuetranslation.com\/wp-content\/uploads\/2025\/09\/05-12x12.jpg 12w\" sizes=\"(max-width: 1024px) 100vw, 1024px\" \/>\t\t\t\t\t\t\t\t\t\t\t\t\t\t\t<\/div>\n\t\t\t\t<div class=\"elementor-element elementor-element-587e463 elementor-widget elementor-widget-image\" data-id=\"587e463\" data-element_type=\"widget\" data-widget_type=\"image.default\">\n\t\t\t\t\t\t\t\t\t\t\t\t\t\t\t<img decoding=\"async\" src=\"https:\/\/www.songxuetranslation.com\/wp-content\/uploads\/elementor\/thumbs\/06-1-rbhwqg1tenkkn9lw4gflofpx7omat3l2trl0hm8ohs.jpg\" title=\"06\" alt=\"06\" loading=\"lazy\" \/>\t\t\t\t\t\t\t\t\t\t\t\t\t\t\t<\/div>\n\t\t\t\t<div class=\"elementor-element elementor-element-888c8d1 elementor-widget elementor-widget-image\" data-id=\"888c8d1\" data-element_type=\"widget\" data-widget_type=\"image.default\">\n\t\t\t\t\t\t\t\t\t\t\t\t\t\t\t<img loading=\"lazy\" decoding=\"async\" width=\"1024\" height=\"1024\" src=\"https:\/\/www.songxuetranslation.com\/wp-content\/uploads\/2025\/09\/07.jpg\" class=\"attachment-large size-large wp-image-2175\" alt=\"\" srcset=\"https:\/\/www.songxuetranslation.com\/wp-content\/uploads\/2025\/09\/07.jpg 1024w, https:\/\/www.songxuetranslation.com\/wp-content\/uploads\/2025\/09\/07-300x300.jpg 300w, https:\/\/www.songxuetranslation.com\/wp-content\/uploads\/2025\/09\/07-12x12.jpg 12w\" sizes=\"(max-width: 1024px) 100vw, 1024px\" \/>\t\t\t\t\t\t\t\t\t\t\t\t\t\t\t<\/div>\n\t\t\t\t<div class=\"elementor-element elementor-element-bf4abcf elementor-widget elementor-widget-image\" data-id=\"bf4abcf\" data-element_type=\"widget\" data-widget_type=\"image.default\">\n\t\t\t\t\t\t\t\t\t\t\t\t\t\t\t<img loading=\"lazy\" decoding=\"async\" width=\"1024\" height=\"1024\" src=\"https:\/\/www.songxuetranslation.com\/wp-content\/uploads\/2025\/09\/08-1.jpg\" class=\"attachment-large size-large wp-image-2176\" alt=\"\" srcset=\"https:\/\/www.songxuetranslation.com\/wp-content\/uploads\/2025\/09\/08-1.jpg 1024w, https:\/\/www.songxuetranslation.com\/wp-content\/uploads\/2025\/09\/08-1-300x300.jpg 300w, https:\/\/www.songxuetranslation.com\/wp-content\/uploads\/2025\/09\/08-1-12x12.jpg 12w\" sizes=\"(max-width: 1024px) 100vw, 1024px\" \/>\t\t\t\t\t\t\t\t\t\t\t\t\t\t\t<\/div>\n\t\t\t\t<div class=\"elementor-element elementor-element-bee0da4 elementor-widget elementor-widget-image\" data-id=\"bee0da4\" data-element_type=\"widget\" data-widget_type=\"image.default\">\n\t\t\t\t\t\t\t\t\t\t\t\t\t\t\t<img loading=\"lazy\" decoding=\"async\" width=\"1024\" height=\"1024\" src=\"https:\/\/www.songxuetranslation.com\/wp-content\/uploads\/2025\/09\/09-2.jpg\" class=\"attachment-large size-large wp-image-2177\" alt=\"\" srcset=\"https:\/\/www.songxuetranslation.com\/wp-content\/uploads\/2025\/09\/09-2.jpg 1024w, https:\/\/www.songxuetranslation.com\/wp-content\/uploads\/2025\/09\/09-2-300x300.jpg 300w, https:\/\/www.songxuetranslation.com\/wp-content\/uploads\/2025\/09\/09-2-12x12.jpg 12w\" sizes=\"(max-width: 1024px) 100vw, 1024px\" \/>\t\t\t\t\t\t\t\t\t\t\t\t\t\t\t<\/div>\n\t\t\t\t\t<\/div>\n\t\t\t\t<\/div>\n\t\t\t\t<\/div>","protected":false},"excerpt":{"rendered":"<p>Hola a todos, soy Song Xue, la fundadora del estudio, y me gustar\u00eda hablaros un poco de mi carrera como traductora. Me licenci\u00e9 en el Departamento de Ingl\u00e9s de la Universidad de Shandong en 2009. Vine a Shenzhen para mi primer [...]<\/p>","protected":false},"author":1,"featured_media":0,"parent":0,"menu_order":0,"comment_status":"closed","ping_status":"closed","template":"","meta":{"site-sidebar-layout":"no-sidebar","site-content-layout":"page-builder","ast-site-content-layout":"full-width-container","site-content-style":"unboxed","site-sidebar-style":"unboxed","ast-global-header-display":"","ast-banner-title-visibility":"","ast-main-header-display":"","ast-hfb-above-header-display":"","ast-hfb-below-header-display":"","ast-hfb-mobile-header-display":"","site-post-title":"disabled","ast-breadcrumbs-content":"disabled","ast-featured-img":"disabled","footer-sml-layout":"","theme-transparent-header-meta":"enabled","adv-header-id-meta":"","stick-header-meta":"","header-above-stick-meta":"","header-main-stick-meta":"","header-below-stick-meta":"","astra-migrate-meta-layouts":"set","ast-page-background-enabled":"default","ast-page-background-meta":{"desktop":{"background-color":"","background-image":"","background-repeat":"repeat","background-position":"center center","background-size":"auto","background-attachment":"scroll","background-type":"","background-media":"","overlay-type":"","overlay-color":"","overlay-opacity":"","overlay-gradient":""},"tablet":{"background-color":"","background-image":"","background-repeat":"repeat","background-position":"center center","background-size":"auto","background-attachment":"scroll","background-type":"","background-media":"","overlay-type":"","overlay-color":"","overlay-opacity":"","overlay-gradient":""},"mobile":{"background-color":"","background-image":"","background-repeat":"repeat","background-position":"center center","background-size":"auto","background-attachment":"scroll","background-type":"","background-media":"","overlay-type":"","overlay-color":"","overlay-opacity":"","overlay-gradient":""}},"ast-content-background-meta":{"desktop":{"background-color":"var(--ast-global-color-5)","background-image":"","background-repeat":"repeat","background-position":"center center","background-size":"auto","background-attachment":"scroll","background-type":"","background-media":"","overlay-type":"","overlay-color":"","overlay-opacity":"","overlay-gradient":""},"tablet":{"background-color":"var(--ast-global-color-5)","background-image":"","background-repeat":"repeat","background-position":"center center","background-size":"auto","background-attachment":"scroll","background-type":"","background-media":"","overlay-type":"","overlay-color":"","overlay-opacity":"","overlay-gradient":""},"mobile":{"background-color":"var(--ast-global-color-5)","background-image":"","background-repeat":"repeat","background-position":"center center","background-size":"auto","background-attachment":"scroll","background-type":"","background-media":"","overlay-type":"","overlay-color":"","overlay-opacity":"","overlay-gradient":""}},"footnotes":""},"class_list":["post-1657","page","type-page","status-publish","hentry"],"_links":{"self":[{"href":"https:\/\/www.songxuetranslation.com\/es\/wp-json\/wp\/v2\/pages\/1657","targetHints":{"allow":["GET"]}}],"collection":[{"href":"https:\/\/www.songxuetranslation.com\/es\/wp-json\/wp\/v2\/pages"}],"about":[{"href":"https:\/\/www.songxuetranslation.com\/es\/wp-json\/wp\/v2\/types\/page"}],"author":[{"embeddable":true,"href":"https:\/\/www.songxuetranslation.com\/es\/wp-json\/wp\/v2\/users\/1"}],"replies":[{"embeddable":true,"href":"https:\/\/www.songxuetranslation.com\/es\/wp-json\/wp\/v2\/comments?post=1657"}],"version-history":[{"count":28,"href":"https:\/\/www.songxuetranslation.com\/es\/wp-json\/wp\/v2\/pages\/1657\/revisions"}],"predecessor-version":[{"id":2281,"href":"https:\/\/www.songxuetranslation.com\/es\/wp-json\/wp\/v2\/pages\/1657\/revisions\/2281"}],"wp:attachment":[{"href":"https:\/\/www.songxuetranslation.com\/es\/wp-json\/wp\/v2\/media?parent=1657"}],"curies":[{"name":"wp","href":"https:\/\/api.w.org\/{rel}","templated":true}]}}